{"id":2308,"date":"2016-03-25T14:09:13","date_gmt":"2016-03-25T14:09:13","guid":{"rendered":"http:\/\/dev.crumina.net\/polo\/?page_id=2308"},"modified":"2016-10-20T14:21:55","modified_gmt":"2016-10-20T11:21:55","slug":"portfolio-three-columns","status":"publish","type":"page","link":"http:\/\/peakpaintgroup.com\/en\/portfolio-three-columns\/","title":{"rendered":"\u00dcr\u00fcn Gruplar\u0131m\u0131z"},"content":{"rendered":"","protected":false},"excerpt":{"rendered":"","protected":false},"author":1,"featured_media":0,"parent":0,"menu_order":0,"comment_status":"closed","ping_status":"closed","template":"page-templates\/portfolio-page.php","meta":[],"translation":{"provider":"WPGlobus","version":"3.0.1","language":"en","enabled_languages":["tr","en","ru"],"languages":{"tr":{"title":true,"content":false,"excerpt":false},"en":{"title":false,"content":false,"excerpt":false},"ru":{"title":false,"content":false,"excerpt":false}}},"_links":{"self":[{"href":"http:\/\/peakpaintgroup.com\/en\/wp-json\/wp\/v2\/pages\/2308"}],"collection":[{"href":"http:\/\/peakpaintgroup.com\/en\/wp-json\/wp\/v2\/pages"}],"about":[{"href":"http:\/\/peakpaintgroup.com\/en\/wp-json\/wp\/v2\/types\/page"}],"author":[{"embeddable":true,"href":"http:\/\/peakpaintgroup.com\/en\/wp-json\/wp\/v2\/users\/1"}],"replies":[{"embeddable":true,"href":"http:\/\/peakpaintgroup.com\/en\/wp-json\/wp\/v2\/comments?post=2308"}],"version-history":[{"count":0,"href":"http:\/\/peakpaintgroup.com\/en\/wp-json\/wp\/v2\/pages\/2308\/revisions"}],"wp:attachment":[{"href":"http:\/\/peakpaintgroup.com\/en\/wp-json\/wp\/v2\/media?parent=2308"}],"curies":[{"name":"wp","href":"https:\/\/api.w.org\/{rel}","templated":true}]}}